{"id":3756,"date":"2018-10-24T13:39:13","date_gmt":"2018-10-24T13:39:13","guid":{"rendered":"http:\/\/quanticalabs.com\/wptest\/medicenter-new\/?page_id=3756"},"modified":"2024-09-17T10:16:12","modified_gmt":"2024-09-17T08:16:12","slug":"home","status":"publish","type":"page","link":"https:\/\/www.dr-geishofer.at\/","title":{"rendered":"HOME"},"content":{"rendered":"<div class=\"wpb-content-wrapper\"><p>[vc_row type=&#8220;full-width&#8220;][vc_column][rev_slider_vc alias=&#8220;home&#8220;][\/vc_column][\/vc_row][vc_row][vc_column][vc_widget_sidebar sidebar_id=&#8220;sidebar-home-top&#8220; el_class=&#8220;home-box-container-list for-home-slider&#8220;][\/vc_column][\/vc_row][vc_row top_margin=&#8220;page-margin-top-section&#8220; css=&#8220;.vc_custom_1713302849079{margin-top: 80px !important;margin-bottom: 80px !important;}&#8220;][vc_column width=&#8220;2\/3&#8243; el_class=&#8220;padding-right-30&#8243; el_id=&#8220;praxis&#8220;][vc_column_text]<\/p>\n<h2 style=\"font-size: 44px; color: #288b41; margin-bottom: 10px;\">Praxis f\u00fcr Allgemeinmedizin<\/h2>\n<p><strong style=\"font-size: 18px; color: #288b41;\">Leistungen und Angebot:<\/strong>[\/vc_column_text][vc_row_inner el_class=&#8220;padding-right-100&#8243; css=&#8220;.vc_custom_1713294656762{padding-right: 0px !important;}&#8220;][vc_column_inner width=&#8220;1\/2&#8243;]<ul class=\"simple-list margin-top-15 clearfix\"><li class=\"template-tick-2 clearfix\">\n\t\t\t<span>Vorsorgeuntersuchung<\/span><\/li><br \/>\n<li class=\"template-tick-2 clearfix\">\n\t\t\t<span>Infusionstherapie<\/span><\/li><br \/>\n<li class=\"template-tick-2 clearfix\">\n\t\t\t<span>Lungenfunktion<\/span><\/li><br \/>\n<li class=\"template-tick-2 clearfix\">\n\t\t\t<span>EKG<\/span><\/li><br \/>\n<li class=\"template-tick-2 clearfix\">\n\t\t\t<span>Internistische Untersuchung<br \/>\nw\u00e4hrend der Schwangerschaft<\/span><\/li><br \/>\n<li class=\"template-tick-2 clearfix\">\n\t\t\t<span>Impfberatung &amp; Impfung<\/span><\/li><\/ul>[\/vc_column_inner][vc_column_inner el_class=&#8220;remove-margin-left&#8220; width=&#8220;1\/2&#8243;]<ul class=\"simple-list margin-top-15 clearfix\"><li class=\"template-tick-2 clearfix\">\n\t\t\t<span>F\u00fchrerscheingutachten<\/span><\/li><br \/>\n<li class=\"template-tick-2 clearfix\">\n\t\t\t<span>Akupunktur<\/span><\/li><br \/>\n<li class=\"template-tick-2 clearfix\">\n\t\t\t<span>Patientenverf\u00fcgung<\/span><\/li><br \/>\n<li class=\"template-tick-2 clearfix\">\n\t\t\t<span>Pr\u00e4operative Untersuchung<\/span><\/li><br \/>\n<li class=\"template-tick-2 clearfix\">\n\t\t\t<span>Wundbehandlung<\/span><\/li><br \/>\n<li class=\"template-tick-2 clearfix\">\n\t\t\t<span>Laboruntersuchung<\/span><\/li><br \/>\n<\/ul>[\/vc_column_inner][\/vc_row_inner][vc_column_text css=&#8220;.vc_custom_1713294908154{margin-top: 50px !important;}&#8220;]<\/p>\n<p style=\"padding: 0;\"><strong style=\"font-size: 18px; color: #288b41;\">Diplome:<\/strong><\/p>\n<p style=\"padding: 0;\"><strong style=\"font-size: 17px; color: #666;\">Notfallmedizin \u00b7 Geriatrie \u00b7 Palliativmedizin \u00b7 Arbeitsmedizin \u00b7 Akupunktur<\/strong><\/p>\n<p>[\/vc_column_text][\/vc_column][vc_column width=&#8220;1\/3&#8243;][vc_single_image image=&#8220;4201&#8243; img_size=&#8220;large&#8220;][\/vc_column][\/vc_row][vc_row type=&#8220;full-width&#8220; css=&#8220;.vc_custom_1713296476595{margin-top: 80px !important;padding-bottom: 40px !important;background-color: #f0f0f0 !important;}&#8220;][vc_column][vc_row_inner top_margin=&#8220;page-margin-top&#8220; el_class=&#8220;margin-bottom-50&#8243;][vc_column_inner el_id=&#8220;ueber-uns&#8220;][vc_column_text]<\/p>\n<h2 style=\"font-size: 44px; color: #288b41;\">\u00dcber uns<\/h2>\n<p>[\/vc_column_text][\/vc_column_inner][\/vc_row_inner][vc_row_inner top_margin=&#8220;page-margin-top&#8220; el_class=&#8220;margin-bottom-50&#8243; css=&#8220;.vc_custom_1712924664660{margin-top: 0px !important;}&#8220;][vc_column_inner width=&#8220;1\/4&#8243;][vc_single_image image=&#8220;4673&#8243; img_size=&#8220;medium&#8220; css=&#8220;.vc_custom_1715185545800{margin-bottom: 40px !important;}&#8220;][vc_column_text]<\/p>\n<h3 style=\"color: #288b41; font-size: 21px;\">Dr. med. univ. Gotho Geishofer<\/h3>\n<h3 style=\"color: #288b41; font-size: 14px;\">\u00c4rztin f\u00fcr Allgemeinmedizin und Arbeitsmedizin<\/h3>\n<p>[\/vc_column_text][\/vc_column_inner][vc_column_inner width=&#8220;1\/4&#8243;][vc_single_image image=&#8220;4469&#8243; img_size=&#8220;medium&#8220; css=&#8220;.vc_custom_1724740968293{margin-bottom: 40px !important;}&#8220;][vc_column_text]<\/p>\n<h3 style=\"color: #288b41; font-size: 21px;\">Karin Wutscher-Noppinger, MSc<\/h3>\n<h3 style=\"color: #288b41; font-size: 14px;\">DGKP, arbeitsmedizinische Fachassistentin (AFa)<\/h3>\n<p>[\/vc_column_text][\/vc_column_inner][vc_column_inner width=&#8220;1\/4&#8243;][vc_single_image image=&#8220;4251&#8243; img_size=&#8220;medium&#8220; css=&#8220;.vc_custom_1712925457246{margin-bottom: 40px !important;}&#8220;][vc_column_text]<\/p>\n<h3 style=\"color: #288b41; font-size: 21px;\">Julia Kaiser<\/h3>\n<h3 style=\"color: #288b41; font-size: 14px;\">med. kaufm. Assistentin<\/h3>\n<p>[\/vc_column_text][\/vc_column_inner][\/vc_row_inner][\/vc_column][\/vc_row][vc_row type=&#8220;full-width&#8220; css=&#8220;.vc_custom_1713295528307{margin-top: 0px !important;margin-bottom: 0px !important;border-top-width: 0px !important;border-bottom-width: 0px !important;padding-top: 0px !important;padding-bottom: 0px !important;background-color: #44ad4e !important;}&#8220;][vc_column][vc_row_inner top_margin=&#8220;page-margin-top&#8220; el_class=&#8220;margin-bottom-50&#8243; css=&#8220;.vc_custom_1713295493398{margin-top: 0px !important;margin-bottom: 0px !important;border-top-width: 0px !important;border-bottom-width: 0px !important;padding-top: 0px !important;padding-bottom: 0px !important;background-color: #44ad4e !important;}&#8220;][vc_column_inner el_class=&#8220;text-block-center&#8220; css=&#8220;.vc_custom_1713295649415{margin-top: 0px !important;margin-bottom: 0px !important;border-top-width: 0px !important;border-bottom-width: 0px !important;padding-top: 0px !important;padding-bottom: 0px !important;}&#8220;][vc_column_text el_id=&#8220;ueber-uns&#8220;]<\/p>\n<p class=\"text-block-center\">Unsere Spezialisierung auf Unternehmen mit mehreren Standorten \u00f6sterreichweit:<\/p>\n<p>[\/vc_column_text][\/vc_column_inner][\/vc_row_inner][\/vc_column][\/vc_row][vc_row top_margin=&#8220;page-margin-top-section&#8220; css=&#8220;.vc_custom_1713296955668{margin-top: 80px !important;margin-bottom: 80px !important;}&#8220;][vc_column width=&#8220;1\/2&#8243; el_class=&#8220;padding-right-30&#8243;][vc_column_text el_id=&#8220;arbeitsmedizin&#8220;]<\/p>\n<h2 style=\"font-size: 44px; color: #288b41; margin-bottom: 10px;\">B\u00fcro f\u00fcr Arbeitsmedizin<\/h2>\n<p>[\/vc_column_text][vc_row_inner el_class=&#8220;padding-right-100&#8243; css=&#8220;.vc_custom_1713294656762{padding-right: 0px !important;}&#8220;][vc_column_inner]<ul class=\"simple-list margin-top-15 clearfix\"><li class=\"template-tick-2 clearfix\">\n\t\t\t<span>Belastung und Gef\u00e4hrdungsbeurteilung<\/span><\/li><br \/>\n<li class=\"template-tick-2 clearfix\">\n\t\t\t<span>Beurteilungen und Ma\u00dfnahmen zur Verbesserung von Arbeitsbedingungen<\/span><\/li><br \/>\n<li class=\"template-tick-2 clearfix\">\n\t\t\t<span>Direkte und rezente Kommunikation<\/span><\/li><br \/>\n<li class=\"template-tick-2 clearfix\">\n\t\t\t<span>Untersuchungen zur Erkennung von Berufskrankheiten<br \/>\n(Labor, Spirometrie, Audiometrie) mit Berechtigung f\u00fcr alle VG\u00dc au\u00dfer Ergometrie<\/span><\/li><br \/>\n<li class=\"template-tick-2 clearfix\">\n\t\t\t<span>Betreuung nach Pr\u00e4ventionsmodell (\u00a782a ASchG)<\/span><\/li><br \/>\n<li class=\"template-tick-2 clearfix\">\n\t\t\t<span>Betreuung mittels Begehungsmodell (\u00a777a ASchG)<\/span><\/li><br \/>\n<li class=\"template-tick-2 clearfix\">\n\t\t\t<span>Evaluierungen (Mutterschutz, Arbeitsplatz, Kinder- Jugendlichen Besch\u00e4ftigungsgesetz, psychische Belastungen)<\/span><\/li><br \/>\n<li class=\"template-tick-2 clearfix\">\n\t\t\t<span>Impfberatung und Reisemedizin<\/span><\/li><\/ul>[\/vc_column_inner][\/vc_row_inner][\/vc_column][vc_column width=&#8220;1\/2&#8243;][vc_single_image image=&#8220;4319&#8243; img_size=&#8220;large&#8220;][\/vc_column][\/vc_row][vc_row type=&#8220;full-width&#8220; css=&#8220;.vc_custom_1713302298560{margin-top: 80px !important;padding-bottom: 40px !important;background-color: #f4f4f4 !important;}&#8220;][vc_column][vc_row_inner top_margin=&#8220;page-margin-top&#8220; el_class=&#8220;margin-bottom-50&#8243;][vc_column_inner][vc_column_text el_id=&#8220;rezeptbestellung&#8220;]<\/p>\n<h2 style=\"font-size: 44px;\">Rezeptbestellung<\/h2>\n<div class=\"wpcf7 no-js\" id=\"wpcf7-f4327-o1\" lang=\"de-DE\" dir=\"ltr\">\n<div class=\"screen-reader-response\"><p role=\"status\" aria-live=\"polite\" aria-atomic=\"true\"><\/p> <ul><\/ul><\/div>\n<form action=\"\/index.php?rest_route=%2Fwp%2Fv2%2Fpages%2F3756#wpcf7-f4327-o1\" method=\"post\" class=\"wpcf7-form init\" aria-label=\"Kontaktformular\" novalidate=\"novalidate\" data-status=\"init\">\n<div style=\"display: none;\">\n<input type=\"hidden\" name=\"_wpcf7\" value=\"4327\" \/>\n<input type=\"hidden\" name=\"_wpcf7_version\" value=\"5.9.3\" \/>\n<input type=\"hidden\" name=\"_wpcf7_locale\" value=\"de_DE\" \/>\n<input type=\"hidden\" name=\"_wpcf7_unit_tag\" value=\"wpcf7-f4327-o1\" \/>\n<input type=\"hidden\" name=\"_wpcf7_container_post\" value=\"0\" \/>\n<input type=\"hidden\" name=\"_wpcf7_posted_data_hash\" value=\"\" \/>\n<\/div>\n<div class=\"form-left\">\n\t<p><label>VORNAME*<\/label><br \/>\n<span class=\"wpcf7-form-control-wrap\" data-name=\"vorname\"><input size=\"40\" class=\"wpcf7-form-control wpcf7-text wpcf7-validates-as-required\" autocomplete=\"name\" aria-required=\"true\" aria-invalid=\"false\" value=\"\" type=\"text\" name=\"vorname\" \/><\/span>\n\t<\/p>\n\t<div class=\"half-percent-form\" style=\"\tmargin-bottom:14px;\">\n\t\t<div class=\"half-left\">\n\t\t\t<p><label>GEBURTSDATUM*<\/label><br \/>\n<span class=\"wpcf7-form-control-wrap\" data-name=\"geburtsdatum\"><input size=\"40\" class=\"wpcf7-form-control wpcf7-text wpcf7-validates-as-required\" aria-required=\"true\" aria-invalid=\"false\" value=\"\" type=\"text\" name=\"geburtsdatum\" \/><\/span>\n\t\t\t<\/p>\n\t\t<\/div>\n\t\t<div class=\"half-right\">\n\t\t\t<p><label>SOZIALVERSICHERUNGS-NUMMER*<\/label><br \/>\n<span class=\"wpcf7-form-control-wrap\" data-name=\"versicherungsnummer\"><input size=\"40\" class=\"wpcf7-form-control wpcf7-text wpcf7-validates-as-required\" aria-required=\"true\" aria-invalid=\"false\" value=\"\" type=\"text\" name=\"versicherungsnummer\" \/><\/span>\n\t\t\t<\/p>\n\t\t<\/div>\n\t<\/div>\n\t<p><label>E-MAIL-ADRESSE*<\/label><br \/>\n<span class=\"wpcf7-form-control-wrap\" data-name=\"your-email\"><input size=\"40\" class=\"wpcf7-form-control wpcf7-email wpcf7-validates-as-required wpcf7-text wpcf7-validates-as-email\" aria-required=\"true\" aria-invalid=\"false\" value=\"\" type=\"email\" name=\"your-email\" \/><\/span>\n\t<\/p>\n\t<p><label>MEDIKAMENT 1*<\/label><br \/>\n<span class=\"wpcf7-form-control-wrap\" data-name=\"medi1\"><input size=\"40\" class=\"wpcf7-form-control wpcf7-text wpcf7-validates-as-required\" aria-required=\"true\" aria-invalid=\"false\" value=\"\" type=\"text\" name=\"medi1\" \/><\/span>\n\t<\/p>\n\t<div class=\"form-margin\">\n\t<\/div>\n\t<p><label>MEDIKAMENT 2<\/label><br \/>\n<span class=\"wpcf7-form-control-wrap\" data-name=\"medi2\"><input size=\"40\" class=\"wpcf7-form-control wpcf7-text\" aria-invalid=\"false\" value=\"\" type=\"text\" name=\"medi2\" \/><\/span>\n\t<\/p>\n\t<div class=\"form-margin\">\n\t<\/div>\n\t<p><label>MEDIKAMENT 3<\/label><br \/>\n<span class=\"wpcf7-form-control-wrap\" data-name=\"medi3\"><input size=\"40\" class=\"wpcf7-form-control wpcf7-text\" aria-invalid=\"false\" value=\"\" type=\"text\" name=\"medi3\" \/><\/span>\n\t<\/p>\n\t<div class=\"form-margin\">\n\t<\/div>\n\t<p><label>MEDIKAMENT 4<\/label><br \/>\n<span class=\"wpcf7-form-control-wrap\" data-name=\"medi4\"><input size=\"40\" class=\"wpcf7-form-control wpcf7-text\" aria-invalid=\"false\" value=\"\" type=\"text\" name=\"medi4\" \/><\/span>\n\t<\/p>\n<\/div>\n<div class=\"form-right\">\n\t<p><label> NACHNAME*<\/label><br \/>\n<span class=\"wpcf7-form-control-wrap\" data-name=\"nachname\"><input size=\"40\" class=\"wpcf7-form-control wpcf7-text wpcf7-validates-as-required\" autocomplete=\"name\" aria-required=\"true\" aria-invalid=\"false\" value=\"\" type=\"text\" name=\"nachname\" \/><\/span>\n\t<\/p>\n\t<p><label>TELEFNONNUMMER*<\/label><br \/>\n<span class=\"wpcf7-form-control-wrap\" data-name=\"telefonnummer\"><input size=\"40\" class=\"wpcf7-form-control wpcf7-text wpcf7-validates-as-required\" aria-required=\"true\" aria-invalid=\"false\" value=\"\" type=\"text\" name=\"telefonnummer\" \/><\/span>\n\t<\/p>\n\t<p><label>E-MAIL-ADRESSE BEST\u00c4TIGEN*<\/label><br \/>\n<span class=\"wpcf7-form-control-wrap\" data-name=\"your-email-confirm\"><input size=\"40\" class=\"wpcf7-form-control wpcf7-email wpcf7-validates-as-required wpcf7-text wpcf7-validates-as-email\" aria-required=\"true\" aria-invalid=\"false\" value=\"\" type=\"email\" name=\"your-email-confirm\" \/><\/span>\n\t<\/p>\n\t<div class=\"form-margin\">\n\t<\/div>\n\t<div class=\"half-percent-form\">\n\t\t<div class=\"half-left\">\n\t\t\t<p><label>DOSIS*<\/label><br \/>\n<span class=\"wpcf7-form-control-wrap\" data-name=\"dosis1\"><input size=\"40\" class=\"wpcf7-form-control wpcf7-text wpcf7-validates-as-required\" aria-required=\"true\" aria-invalid=\"false\" value=\"\" type=\"text\" name=\"dosis1\" \/><\/span>\n\t\t\t<\/p>\n\t\t<\/div>\n\t\t<div class=\"half-right\">\n\t\t\t<p><label>ANZAHL*<\/label><br \/>\n<span class=\"wpcf7-form-control-wrap\" data-name=\"anzahl1\"><input size=\"40\" class=\"wpcf7-form-control wpcf7-text wpcf7-validates-as-required\" aria-required=\"true\" aria-invalid=\"false\" value=\"\" type=\"text\" name=\"anzahl1\" \/><\/span>\n\t\t\t<\/p>\n\t\t<\/div>\n\t<\/div>\n\t<div class=\"half-percent-form\">\n\t\t<div class=\"half-left\">\n\t\t\t<p><label>DOSIS<\/label><br \/>\n<span class=\"wpcf7-form-control-wrap\" data-name=\"dosis2\"><input size=\"40\" class=\"wpcf7-form-control wpcf7-text\" aria-invalid=\"false\" value=\"\" type=\"text\" name=\"dosis2\" \/><\/span>\n\t\t\t<\/p>\n\t\t<\/div>\n\t\t<div class=\"half-right\">\n\t\t\t<p><label>ANZAHL<\/label><br \/>\n<span class=\"wpcf7-form-control-wrap\" data-name=\"anzahl2\"><input size=\"40\" class=\"wpcf7-form-control wpcf7-text\" aria-invalid=\"false\" value=\"\" type=\"text\" name=\"anzahl2\" \/><\/span>\n\t\t\t<\/p>\n\t\t<\/div>\n\t<\/div>\n\t<div class=\"half-percent-form\">\n\t\t<div class=\"half-left\">\n\t\t\t<p><label>DOSIS<\/label><br \/>\n<span class=\"wpcf7-form-control-wrap\" data-name=\"dosis3\"><input size=\"40\" class=\"wpcf7-form-control wpcf7-text\" aria-invalid=\"false\" value=\"\" type=\"text\" name=\"dosis3\" \/><\/span>\n\t\t\t<\/p>\n\t\t<\/div>\n\t\t<div class=\"half-right\">\n\t\t\t<p><label>ANZAHL<\/label><br \/>\n<span class=\"wpcf7-form-control-wrap\" data-name=\"anzahl3\"><input size=\"40\" class=\"wpcf7-form-control wpcf7-text\" aria-invalid=\"false\" value=\"\" type=\"text\" name=\"anzahl3\" \/><\/span>\n\t\t\t<\/p>\n\t\t<\/div>\n\t<\/div>\n\t<div class=\"half-percent-form\">\n\t\t<div class=\"half-left\">\n\t\t\t<p><label>DOSIS<\/label><br \/>\n<span class=\"wpcf7-form-control-wrap\" data-name=\"dosis4\"><input size=\"40\" class=\"wpcf7-form-control wpcf7-text\" aria-invalid=\"false\" value=\"\" type=\"text\" name=\"dosis4\" \/><\/span>\n\t\t\t<\/p>\n\t\t<\/div>\n\t\t<div class=\"half-right\">\n\t\t\t<p><label>ANZAHL<\/label><br \/>\n<span class=\"wpcf7-form-control-wrap\" data-name=\"anzahl4\"><input size=\"40\" class=\"wpcf7-form-control wpcf7-text\" aria-invalid=\"false\" value=\"\" type=\"text\" name=\"anzahl4\" \/><\/span>\n\t\t\t<\/p>\n\t\t<\/div>\n\t<\/div>\n<\/div>\n<div style=\"clear:both\">\n<\/div>\n<div style=\"margin-top:20px\">\n\t<p><span class=\"wpcf7-form-control-wrap\" data-name=\"mehr1\"><textarea cols=\"40\" rows=\"10\" class=\"wpcf7-form-control wpcf7-textarea\" aria-invalid=\"false\" placeholder=\"z.B. weitere Medikamente\" name=\"mehr1\"><\/textarea><\/span>\n\t<\/p>\n\t<p><span class=\"wpcf7-form-control-wrap\" data-name=\"mehr2\"><textarea cols=\"40\" rows=\"10\" class=\"wpcf7-form-control wpcf7-textarea\" aria-invalid=\"false\" placeholder=\"z.B. Verordnungen, \u00dcberweisungen und Transportscheine\" name=\"mehr2\"><\/textarea><\/span>\n\t<\/p>\n<\/div>\n<div class=\"form-left overwrite-form\">\n\t<p><span class=\"wpcf7-form-control-wrap\" data-name=\"datenschutz\"><span class=\"wpcf7-form-control wpcf7-checkbox wpcf7-validates-as-required\"><span class=\"wpcf7-list-item first last\"><label><input type=\"checkbox\" name=\"datenschutz[]\" value=\"Bitte best\u00e4tigen Sie die Angaben.\" \/><span class=\"wpcf7-list-item-label\">Bitte best\u00e4tigen Sie die Angaben.<\/span><\/label><\/span><\/span><\/span><br \/>\n<a class=\"datenschutz-link\" target=\"_blank\" href=\"http:\/\/www.dr-geishofer.at\/wp-content\/uploads\/2024\/04\/dr.geishofer_datenschutz.pdf\">Hier geht es zur Datenschutzerkl\u00e4rung.<\/a>\n\t<\/p>\n<\/div>\n<div style=\"clear:both\">\n<\/div>\n<div class=\"form-left overwrite-form\">\n\t<div id=\"cf7sr-69f365c51786d\" class=\"cf7sr-g-recaptcha\" data-theme=\"light\" data-type=\"image\" data-size=\"normal\" data-sitekey=\"6Lcf4AIrAAAAANlwmb-MDXbJJ-MFzz1klG-yLXOu\"><\/div><span class=\"wpcf7-form-control-wrap cf7sr-recaptcha\" data-name=\"cf7sr-recaptcha\"><input type=\"hidden\" name=\"cf7sr-recaptcha\" value=\"\" class=\"wpcf7-form-control\"><\/span>\n\t<\/p>\n<\/div>\n<div style=\"clear:both\">\n<\/div>\n<div class=\"form-right overwrite-form\">\n\t<p><input class=\"wpcf7-form-control wpcf7-submit has-spinner\" type=\"submit\" value=\"Bestellung absenden\" \/>\n\t<\/p>\n<\/div>\n<div style=\"clear:both\">\n<\/div><div class=\"wpcf7-response-output\" aria-hidden=\"true\"><\/div>\n<\/form>\n<\/div>\n[\/vc_column_text][\/vc_column_inner][\/vc_row_inner][\/vc_column][\/vc_row][vc_row type=&#8220;full-width&#8220; css=&#8220;.vc_custom_1713306363926{margin-top: 0px !important;padding-bottom: 0px !important;background-color: #f4f4f4 !important;}&#8220;][vc_column el_id=&#8220;kontakt&#8220;][\/vc_column][\/vc_row]<\/p>\n<\/div>","protected":false},"excerpt":{"rendered":"<p>[vc_row type=&#8220;full-width&#8220;][vc_column][rev_slider_vc alias=&#8220;home&#8220;][\/vc_column][\/vc_row][vc_row][vc_column][vc_widget_sidebar sidebar_id=&#8220;sidebar-home-top&#8220; el_class=&#8220;home-box-container-list for-home-slider&#8220;][\/vc_column][\/vc_row][vc_row top_margin=&#8220;page-margin-top-section&#8220; css=&#8220;.vc_custom_1713302849079{margin-top: 80px !important;margin-bottom: 80px !important;}&#8220;][vc_column width=&#8220;2\/3&#8243; el_class=&#8220;padding-right-30&#8243; el_id=&#8220;praxis&#8220;][vc_column_text] Praxis f\u00fcr Allgemeinmedizin Leistungen und Angebot:[\/vc_column_text][vc_row_inner el_class=&#8220;padding-right-100&#8243; css=&#8220;.vc_custom_1713294656762{padding-right: 0px !important;}&#8220;][vc_column_inner width=&#8220;1\/2&#8243;][\/vc_column_inner][vc_column_inner el_class=&#8220;remove-margin-left&#8220; width=&#8220;1\/2&#8243;][\/vc_column_inner][\/vc_row_inner][vc_column_text css=&#8220;.vc_custom_1713294908154{margin-top: 50px !important;}&#8220;] Diplome: Notfallmedizin \u00b7 Geriatrie \u00b7 Palliativmedizin \u00b7 Arbeitsmedizin \u00b7 Akupunktur [\/vc_column_text][\/vc_column][vc_column width=&#8220;1\/3&#8243;][vc_single_image image=&#8220;4201&#8243; img_size=&#8220;large&#8220;][\/vc_column][\/vc_row][vc_row type=&#8220;full-width&#8220; css=&#8220;.vc_custom_1713296476595{margin-top: 80px !important;padding-bottom: 40px !important;background-color: #f0f0f0 !important;}&#8220;][vc_column][vc_row_inner top_margin=&#8220;page-margin-top&#8220; el_class=&#8220;margin-bottom-50&#8243;][vc_column_inner<\/p>\n","protected":false},"author":1,"featured_media":0,"parent":0,"menu_order":0,"comment_status":"closed","ping_status":"closed","template":"template-default-without-breadcrumbs.php","meta":{"_acf_changed":false,"footnotes":""},"class_list":["post-3756","page","type-page","status-publish","hentry"],"acf":[],"_links":{"self":[{"href":"https:\/\/www.dr-geishofer.at\/index.php?rest_route=\/wp\/v2\/pages\/3756","targetHints":{"allow":["GET"]}}],"collection":[{"href":"https:\/\/www.dr-geishofer.at\/index.php?rest_route=\/wp\/v2\/pages"}],"about":[{"href":"https:\/\/www.dr-geishofer.at\/index.php?rest_route=\/wp\/v2\/types\/page"}],"author":[{"embeddable":true,"href":"https:\/\/www.dr-geishofer.at\/index.php?rest_route=\/wp\/v2\/users\/1"}],"replies":[{"embeddable":true,"href":"https:\/\/www.dr-geishofer.at\/index.php?rest_route=%2Fwp%2Fv2%2Fcomments&post=3756"}],"version-history":[{"count":121,"href":"https:\/\/www.dr-geishofer.at\/index.php?rest_route=\/wp\/v2\/pages\/3756\/revisions"}],"predecessor-version":[{"id":4715,"href":"https:\/\/www.dr-geishofer.at\/index.php?rest_route=\/wp\/v2\/pages\/3756\/revisions\/4715"}],"wp:attachment":[{"href":"https:\/\/www.dr-geishofer.at\/index.php?rest_route=%2Fwp%2Fv2%2Fmedia&parent=3756"}],"curies":[{"name":"wp","href":"https:\/\/api.w.org\/{rel}","templated":true}]}}